{"id":9755,"date":"2025-04-21T07:11:10","date_gmt":"2025-04-21T07:11:10","guid":{"rendered":"http:\/\/pzr.si\/?page_id=9755"},"modified":"2025-10-30T08:16:38","modified_gmt":"2025-10-30T08:16:38","slug":"varstvo-pred-pozarom","status":"publish","type":"page","link":"http:\/\/pzr.si\/?page_id=9755","title":{"rendered":"VARSTVO PRED PO\u017dAROM"},"content":{"rendered":"\t\t<div data-elementor-type=\"wp-page\" data-elementor-id=\"9755\" class=\"elementor elementor-9755\">\n\t\t\t\t\t\t<section class=\"elementor-section elementor-top-section elementor-element elementor-element-244d0ab9 elementor-section-boxed elementor-section-height-default elementor-section-height-default\" data-id=\"244d0ab9\" data-element_type=\"section\" data-e-type=\"section\">\n\t\t\t\t\t\t<div class=\"elementor-container elementor-column-gap-default\">\n\t\t\t\t\t<div class=\"elementor-column elementor-col-100 elementor-top-column elementor-element elementor-element-6768fe8a\" data-id=\"6768fe8a\" data-element_type=\"column\" data-e-type=\"column\">\n\t\t\t<div class=\"elementor-widget-wrap elementor-element-populated\">\n\t\t\t\t\t\t<div class=\"elementor-element elementor-element-b51ac0f elementor-widget elementor-widget-heading\" data-id=\"b51ac0f\" data-element_type=\"widget\" data-e-type=\"widget\" data-widget_type=\"heading.default\">\n\t\t\t\t<div class=\"elementor-widget-container\">\n\t\t\t\t\t<h2 class=\"elementor-heading-title elementor-size-default\">VARSTVO PRED PO\u017dAROM<\/h2>\t\t\t\t<\/div>\n\t\t\t\t<\/div>\n\t\t\t\t<div class=\"elementor-element elementor-element-7196659c elementor-widget elementor-widget-text-editor\" data-id=\"7196659c\" data-element_type=\"widget\" data-e-type=\"widget\" data-widget_type=\"text-editor.default\">\n\t\t\t\t<div class=\"elementor-widget-container\">\n\t\t\t\t\t\t\t\t\t<ul><li data-start=\"59\" data-end=\"254\"><span style=\"text-decoration: underline;\"><strong data-start=\"59\" data-end=\"86\">Izdelava po\u017earnih redov<\/strong><\/span><br data-start=\"86\" data-end=\"89\" \/>Priprava uradnih dokumentov, ki dolo\u010dajo ukrepe za varstvo pred po\u017earom, obveznosti zaposlenih in postopke v primeru po\u017eara, prilagojene zna\u010dilnostim va\u0161ega objekta.<\/li><li data-start=\"256\" data-end=\"441\"><span style=\"text-decoration: underline;\"><strong data-start=\"256\" data-end=\"291\">Ocenjevanje po\u017earne ogro\u017eenosti<\/strong><\/span><br data-start=\"291\" data-end=\"294\" \/>Strokovna analiza in razvrstitev objektov glede na stopnjo po\u017earne nevarnosti, kar je osnova za nadaljnje ukrepe za zagotavljanje ustrezne za\u0161\u010dite.<\/li><li data-start=\"443\" data-end=\"649\"><span style=\"text-decoration: underline;\"><strong data-start=\"443\" data-end=\"494\">Izdelava po\u017earnih na\u010drtov in na\u010drtov evakuacije<\/strong><\/span><br data-start=\"494\" data-end=\"497\" \/>Priprava grafi\u010dnih in pisnih na\u010drtov, ki prikazujejo poti za varen umik oseb iz objekta ter klju\u010dne elemente za hitro in u\u010dinkovito ukrepanje ob po\u017earu.<\/li><li data-start=\"651\" data-end=\"868\"><span style=\"text-decoration: underline;\"><strong data-start=\"651\" data-end=\"714\">Izobra\u017eevanje in usposabljanje na podro\u010dju po\u017earne varnosti<\/strong><\/span><br data-start=\"714\" data-end=\"717\" \/>Izvajanje teoreti\u010dnih in prakti\u010dnih usposabljanj za zaposlene, kjer pridobijo znanja o prepre\u010devanju po\u017earov ter ravnanju v primeru po\u017earne nevarnosti.<\/li><li data-start=\"870\" data-end=\"1069\"><span style=\"text-decoration: underline;\"><strong data-start=\"870\" data-end=\"910\">Poobla\u0161\u010deni servis gasilnih aparatov<\/strong><\/span><br data-start=\"910\" data-end=\"913\" \/>Redni pregledi, polnjenja in servisiranje gasilnikov vseh vrst, ki zagotavljajo, da so gasilni aparati vedno v brezhibnem stanju in pripravljeni za uporabo.<\/li><li data-start=\"1071\" data-end=\"1312\"><span style=\"text-decoration: underline;\"><strong data-start=\"1071\" data-end=\"1121\">Meritve, pregledi in servis hidrantnih omre\u017eij<\/strong><\/span><br data-start=\"1121\" data-end=\"1124\" \/>Preverjanje delovanja in pretoka vode v notranjih in zunanjih hidrantnih omre\u017ejih, njihovo vzdr\u017eevanje in odprava morebitnih napak za zagotavljanje brezhibnega delovanja v nujnih primerih.<\/li><li data-start=\"1314\" data-end=\"1579\"><span style=\"text-decoration: underline;\"><strong data-start=\"1314\" data-end=\"1386\">Servisiranje vgrajenih gasilskih naprav\u00a0<\/strong><\/span><br data-start=\"1386\" data-end=\"1389\" \/>Vzdr\u017eevanje in popravila manj\u0161ih lokalnih gasilnih naprav, s \u010dimer zagotavljamo hitro in u\u010dinkovito ukrepanje ob za\u010detnih po\u017earih.<\/li><\/ul>\t\t\t\t\t\t\t\t<\/div>\n\t\t\t\t<\/div>\n\t\t\t\t<div class=\"elementor-element elementor-element-27dea7a9 elementor-widget elementor-widget-text-editor\" data-id=\"27dea7a9\" data-element_type=\"widget\" data-e-type=\"widget\" data-widget_type=\"text-editor.default\">\n\t\t\t\t<div class=\"elementor-widget-container\">\n\t\t\t\t\t\t\t\t\t<p><em>Vsaki stranki pripravimo celovito re\u0161itev, prilagojeno specifikam objekta in dejavnosti, saj verjamemo, da je varnost najmo\u010dnej\u0161a, ko je prilagojena potrebam posameznika. Na\u0161e storitve protipo\u017earne varnosti personaliziramo glede na posebne zahteve, prostorske pogoje in predpisane standarde. Z vami tesno sodelujemo pri na\u010drtovanju in izvedbi, da zagotovimo optimalno za\u0161\u010dito ljudi, premo\u017eenja in poslovanja.<\/em><\/p>\t\t\t\t\t\t\t\t<\/div>\n\t\t\t\t<\/div>\n\t\t\t\t<section class=\"elementor-section elementor-inner-section elementor-element elementor-element-1819093f elementor-section-boxed elementor-section-height-default elementor-section-height-default\" data-id=\"1819093f\" data-element_type=\"section\" data-e-type=\"section\">\n\t\t\t\t\t\t<div class=\"elementor-container elementor-column-gap-no\">\n\t\t\t\t\t<div class=\"elementor-column elementor-col-33 elementor-inner-column elementor-element elementor-element-33739031\" data-id=\"33739031\" data-element_type=\"column\" data-e-type=\"column\">\n\t\t\t<div class=\"elementor-widget-wrap elementor-element-populated\">\n\t\t\t\t\t\t<div class=\"elementor-element elementor-element-42fc82f2 elementor-align-left elementor-tablet-align-right elementor-widget elementor-widget-button\" data-id=\"42fc82f2\" data-element_type=\"widget\" data-e-type=\"widget\" data-widget_type=\"button.default\">\n\t\t\t\t<div class=\"elementor-widget-container\">\n\t\t\t\t\t\t\t\t\t<div class=\"elementor-button-wrapper\">\n\t\t\t\t\t<a class=\"elementor-button elementor-button-link elementor-size-sm\" href=\"http:\/\/pzr.si\/?page_id=413\">\n\t\t\t\t\t\t<span class=\"elementor-button-content-wrapper\">\n\t\t\t\t\t\t<span class=\"elementor-button-icon\">\n\t\t\t\t<svg aria-hidden=\"true\" class=\"e-font-icon-svg e-fas-arrow-right\" viewBox=\"0 0 448 512\" xmlns=\"http:\/\/www.w3.org\/2000\/svg\"><path d=\"M190.5 66.9l22.2-22.2c9.4-9.4 24.6-9.4 33.9 0L441 239c9.4 9.4 9.4 24.6 0 33.9L246.6 467.3c-9.4 9.4-24.6 9.4-33.9 0l-22.2-22.2c-9.5-9.5-9.3-25 .4-34.3L311.4 296H24c-13.3 0-24-10.7-24-24v-32c0-13.3 10.7-24 24-24h287.4L190.9 101.2c-9.8-9.3-10-24.8-.4-34.3z\"><\/path><\/svg>\t\t\t<\/span>\n\t\t\t\t\t\t\t\t\t<span class=\"elementor-button-text\">KONTAKT<\/span>\n\t\t\t\t\t<\/span>\n\t\t\t\t\t<\/a>\n\t\t\t\t<\/div>\n\t\t\t\t\t\t\t\t<\/div>\n\t\t\t\t<\/div>\n\t\t\t\t\t<\/div>\n\t\t<\/div>\n\t\t\t\t<div class=\"elementor-column elementor-col-33 elementor-inner-column elementor-element elementor-element-5bd7104\" data-id=\"5bd7104\" data-element_type=\"column\" data-e-type=\"column\">\n\t\t\t<div class=\"elementor-widget-wrap\">\n\t\t\t\t\t\t\t<\/div>\n\t\t<\/div>\n\t\t\t\t<div class=\"elementor-column elementor-col-33 elementor-inner-column elementor-element elementor-element-2ee8a96b\" data-id=\"2ee8a96b\" data-element_type=\"column\" data-e-type=\"column\">\n\t\t\t<div class=\"elementor-widget-wrap\">\n\t\t\t\t\t\t\t<\/div>\n\t\t<\/div>\n\t\t\t\t\t<\/div>\n\t\t<\/section>\n\t\t\t\t\t<\/div>\n\t\t<\/div>\n\t\t\t\t\t<\/div>\n\t\t<\/section>\n\t\t\t\t<\/div>\n\t\t","protected":false},"excerpt":{"rendered":"<p>VARSTVO PRED PO\u017dAROM Izdelava po\u017earnih redovPriprava uradnih dokumentov, ki dolo\u010dajo ukrepe za varstvo pred po\u017earom, obveznosti zaposlenih in postopke v primeru po\u017eara, prilagojene zna\u010dilnostim va\u0161ega objekta. Ocenjevanje po\u017earne ogro\u017eenostiStrokovna analiza in razvrstitev objektov glede na stopnjo po\u017earne nevarnosti, kar je osnova za nadaljnje ukrepe za zagotavljanje ustrezne za\u0161\u010dite. Izdelava po\u017earnih na\u010drtov in na\u010drtov evakuacijePriprava grafi\u010dnih&#8230;<\/p>\n","protected":false},"author":1,"featured_media":0,"parent":0,"menu_order":0,"comment_status":"closed","ping_status":"closed","template":"","meta":{"_acf_changed":false,"inline_featured_image":false,"_monsterinsights_skip_tracking":false,"_monsterinsights_sitenote_active":false,"_monsterinsights_sitenote_note":"","_monsterinsights_sitenote_category":0,"footnotes":""},"class_list":["post-9755","page","type-page","status-publish","hentry"],"acf":[],"aioseo_notices":[],"_links":{"self":[{"href":"http:\/\/pzr.si\/index.php?rest_route=\/wp\/v2\/pages\/9755","targetHints":{"allow":["GET"]}}],"collection":[{"href":"http:\/\/pzr.si\/index.php?rest_route=\/wp\/v2\/pages"}],"about":[{"href":"http:\/\/pzr.si\/index.php?rest_route=\/wp\/v2\/types\/page"}],"author":[{"embeddable":true,"href":"http:\/\/pzr.si\/index.php?rest_route=\/wp\/v2\/users\/1"}],"replies":[{"embeddable":true,"href":"http:\/\/pzr.si\/index.php?rest_route=%2Fwp%2Fv2%2Fcomments&post=9755"}],"version-history":[{"count":23,"href":"http:\/\/pzr.si\/index.php?rest_route=\/wp\/v2\/pages\/9755\/revisions"}],"predecessor-version":[{"id":10067,"href":"http:\/\/pzr.si\/index.php?rest_route=\/wp\/v2\/pages\/9755\/revisions\/10067"}],"wp:attachment":[{"href":"http:\/\/pzr.si\/index.php?rest_route=%2Fwp%2Fv2%2Fmedia&parent=9755"}],"curies":[{"name":"wp","href":"https:\/\/api.w.org\/{rel}","templated":true}]}}