{"id":9766,"date":"2025-04-21T07:14:51","date_gmt":"2025-04-21T07:14:51","guid":{"rendered":"http:\/\/pzr.si\/?page_id=9766"},"modified":"2025-10-30T08:18:27","modified_gmt":"2025-10-30T08:18:27","slug":"servis-in-prodaja-gasilne-opreme","status":"publish","type":"page","link":"http:\/\/pzr.si\/?page_id=9766","title":{"rendered":"SERVIS IN PRODAJA GASILNE OPREME"},"content":{"rendered":"\t\t<div data-elementor-type=\"wp-page\" data-elementor-id=\"9766\" class=\"elementor elementor-9766\">\n\t\t\t\t\t\t<section class=\"elementor-section elementor-top-section elementor-element elementor-element-1f75da29 elementor-section-boxed elementor-section-height-default elementor-section-height-default\" data-id=\"1f75da29\" data-element_type=\"section\" data-e-type=\"section\">\n\t\t\t\t\t\t<div class=\"elementor-container elementor-column-gap-default\">\n\t\t\t\t\t<div class=\"elementor-column elementor-col-100 elementor-top-column elementor-element elementor-element-3e311ea8\" data-id=\"3e311ea8\" data-element_type=\"column\" data-e-type=\"column\">\n\t\t\t<div class=\"elementor-widget-wrap elementor-element-populated\">\n\t\t\t\t\t\t<div class=\"elementor-element elementor-element-3822d935 elementor-widget elementor-widget-heading\" data-id=\"3822d935\" data-element_type=\"widget\" data-e-type=\"widget\" data-widget_type=\"heading.default\">\n\t\t\t\t<div class=\"elementor-widget-container\">\n\t\t\t\t\t<h2 class=\"elementor-heading-title elementor-size-default\">OD ZA\u010cETKA DO KONCA<\/h2>\t\t\t\t<\/div>\n\t\t\t\t<\/div>\n\t\t\t\t<div class=\"elementor-element elementor-element-32603e8d elementor-widget elementor-widget-text-editor\" data-id=\"32603e8d\" data-element_type=\"widget\" data-e-type=\"widget\" data-widget_type=\"text-editor.default\">\n\t\t\t\t<div class=\"elementor-widget-container\">\n\t\t\t\t\t\t\t\t\t<p>Pri PZR d.o.o. zagotavljamo celovite re\u0161itve na podro\u010dju gasilnikov \u2013 od strokovnega svetovanja, prodaje, poobla\u0161\u010denega servisa, rednega vzdr\u017eevanja do temeljitih pregledov delovanja. Skrbimo, da so gasilniki vedno brezhibni in pripravljeni za uporabo, ne glede na to, ali jih potrebujete za poslovne prostore, industrijske obrate, javne ustanove ali stanovanjske objekte. Na\u0161a ponudba vklju\u010duje \u0161irok izbor gasilnikov, prilagojenih razli\u010dnim vrstam po\u017earne ogro\u017eenosti in zahtevam posameznih okolij.<\/p>\t\t\t\t\t\t\t\t<\/div>\n\t\t\t\t<\/div>\n\t\t\t\t\t<\/div>\n\t\t<\/div>\n\t\t\t\t\t<\/div>\n\t\t<\/section>\n\t\t<div class=\"elementor-element elementor-element-07eadfa e-flex e-con-boxed e-con e-parent\" data-id=\"07eadfa\" data-element_type=\"container\" data-e-type=\"container\">\n\t\t\t\t\t<div class=\"e-con-inner\">\n\t\t\t\t<div class=\"elementor-element elementor-element-db8efc0 elementor-widget elementor-widget-image\" data-id=\"db8efc0\" data-element_type=\"widget\" data-e-type=\"widget\" data-widget_type=\"image.default\">\n\t\t\t\t<div class=\"elementor-widget-container\">\n\t\t\t\t\t\t\t\t\t\t\t\t\t\t\t<img fetchpriority=\"high\" decoding=\"async\" width=\"626\" height=\"234\" src=\"http:\/\/pzr.si\/wp-content\/uploads\/2025\/05\/be70d88bcbe52ee2990a781e61a18368.jpg\" class=\"attachment-medium_large size-medium_large wp-image-10006\" alt=\"\" srcset=\"http:\/\/pzr.si\/wp-content\/uploads\/2025\/05\/be70d88bcbe52ee2990a781e61a18368.jpg 626w, http:\/\/pzr.si\/wp-content\/uploads\/2025\/05\/be70d88bcbe52ee2990a781e61a18368-300x112.jpg 300w, http:\/\/pzr.si\/wp-content\/uploads\/2025\/05\/be70d88bcbe52ee2990a781e61a18368-600x224.jpg 600w\" sizes=\"(max-width: 626px) 100vw, 626px\" \/>\t\t\t\t\t\t\t\t\t\t\t\t\t\t\t<\/div>\n\t\t\t\t<\/div>\n\t\t\t\t\t<\/div>\n\t\t\t\t<\/div>\n\t\t\t\t<section class=\"elementor-section elementor-top-section elementor-element elementor-element-b1c468a elementor-section-boxed elementor-section-height-default elementor-section-height-default\" data-id=\"b1c468a\" data-element_type=\"section\" data-e-type=\"section\">\n\t\t\t\t\t\t<div class=\"elementor-container elementor-column-gap-default\">\n\t\t\t\t\t<div class=\"elementor-column elementor-col-100 elementor-top-column elementor-element elementor-element-d99e39f\" data-id=\"d99e39f\" data-element_type=\"column\" data-e-type=\"column\">\n\t\t\t<div class=\"elementor-widget-wrap elementor-element-populated\">\n\t\t\t\t\t\t<div class=\"elementor-element elementor-element-197d46e elementor-widget elementor-widget-heading\" data-id=\"197d46e\" data-element_type=\"widget\" data-e-type=\"widget\" data-widget_type=\"heading.default\">\n\t\t\t\t<div class=\"elementor-widget-container\">\n\t\t\t\t\t<h2 class=\"elementor-heading-title elementor-size-default\">NUDIMO VSE VRSTE GASILNIH APARATOV<\/h2>\t\t\t\t<\/div>\n\t\t\t\t<\/div>\n\t\t\t\t<div class=\"elementor-element elementor-element-2fd367d elementor-widget elementor-widget-text-editor\" data-id=\"2fd367d\" data-element_type=\"widget\" data-e-type=\"widget\" data-widget_type=\"text-editor.default\">\n\t\t\t\t<div class=\"elementor-widget-container\">\n\t\t\t\t\t\t\t\t\t<p class=\"\" data-start=\"456\" data-end=\"486\"><span style=\"text-decoration: underline;\"><strong data-start=\"459\" data-end=\"484\">Gasilniki na prah<\/strong><\/span><\/p><ul data-start=\"487\" data-end=\"690\"><li class=\"\" data-start=\"487\" data-end=\"513\"><p class=\"\" data-start=\"489\" data-end=\"513\">Gasilno sredstvo: prah<\/p><\/li><li class=\"\" data-start=\"514\" data-end=\"612\"><p class=\"\" data-start=\"516\" data-end=\"612\">Primerni za ga\u0161enje razredov po\u017earov A (trdni materiali), B (vnetljive teko\u010dine) in C (plini).<\/p><\/li><li class=\"\" data-start=\"613\" data-end=\"690\"><p class=\"\" data-start=\"615\" data-end=\"690\">Na voljo v velikostih: <strong data-start=\"638\" data-end=\"646\">1 kg<\/strong>, <strong data-start=\"648\" data-end=\"656\">2 kg<\/strong>, <strong data-start=\"658\" data-end=\"666\">6 kg<\/strong>, <strong data-start=\"668\" data-end=\"676\">9 kg<\/strong> in <strong data-start=\"680\" data-end=\"689\">50 kg<\/strong>.<\/p><\/li><\/ul><p class=\"\" data-start=\"692\" data-end=\"736\"><span style=\"text-decoration: underline;\"><strong data-start=\"695\" data-end=\"734\">Gasilniki na ogljikov dioksid (CO\u2082)<\/strong><\/span><\/p><ul data-start=\"737\" data-end=\"920\"><li class=\"\" data-start=\"737\" data-end=\"782\"><p class=\"\" data-start=\"739\" data-end=\"782\">Gasilno sredstvo: ogljikov dioksid (plin)<\/p><\/li><li class=\"\" data-start=\"783\" data-end=\"862\"><p class=\"\" data-start=\"785\" data-end=\"862\">U\u010dinkoviti za ga\u0161enje po\u017earov razredov B (vnetljive teko\u010dine) in C (plini).<\/p><\/li><li class=\"\" data-start=\"863\" data-end=\"920\"><p class=\"\" data-start=\"865\" data-end=\"920\">Na voljo v velikostih: <strong data-start=\"888\" data-end=\"896\">2 kg<\/strong>, <strong data-start=\"898\" data-end=\"906\">5 kg<\/strong> in <strong data-start=\"910\" data-end=\"919\">30 kg<\/strong>.<\/p><\/li><\/ul><p class=\"\" data-start=\"922\" data-end=\"952\"><span style=\"text-decoration: underline;\"><strong data-start=\"925\" data-end=\"950\">Gasilniki na vodo<\/strong><\/span><\/p><ul data-start=\"953\" data-end=\"1099\"><li class=\"\" data-start=\"953\" data-end=\"979\"><p class=\"\" data-start=\"955\" data-end=\"979\">Gasilno sredstvo: voda<\/p><\/li><li class=\"\" data-start=\"980\" data-end=\"1065\"><p class=\"\" data-start=\"982\" data-end=\"1065\">Namenjeni ga\u0161enju po\u017earov razreda A (trdni materiali kot so papir, les, tekstil).<\/p><\/li><li class=\"\" data-start=\"1066\" data-end=\"1099\"><p class=\"\" data-start=\"1068\" data-end=\"1099\">Na voljo v velikosti: <strong data-start=\"1090\" data-end=\"1098\">9 kg<\/strong>.<\/p><\/li><\/ul><p class=\"\" data-start=\"1101\" data-end=\"1358\"><em>Poleg prodaje izvajamo tudi <strong data-start=\"1129\" data-end=\"1150\">poobla\u0161\u010den servis<\/strong>, ki vklju\u010duje pregled, polnjenje in testiranje gasilnikov, da v vsakem trenutku zagotovimo njihovo zanesljivo delovanje. Vsi postopki so izvedeni v skladu z veljavnimi predpisi in standardi po\u017earne varnosti.<\/em><\/p>\t\t\t\t\t\t\t\t<\/div>\n\t\t\t\t<\/div>\n\t\t\t\t\t<\/div>\n\t\t<\/div>\n\t\t\t\t\t<\/div>\n\t\t<\/section>\n\t\t\t\t<section class=\"elementor-section elementor-inner-section elementor-element elementor-element-4f89769b elementor-section-boxed elementor-section-height-default elementor-section-height-default\" data-id=\"4f89769b\" data-element_type=\"section\" data-e-type=\"section\">\n\t\t\t\t\t\t<div class=\"elementor-container elementor-column-gap-no\">\n\t\t\t\t\t<div class=\"elementor-column elementor-col-50 elementor-inner-column elementor-element elementor-element-ffca58e\" data-id=\"ffca58e\" data-element_type=\"column\" data-e-type=\"column\">\n\t\t\t<div class=\"elementor-widget-wrap elementor-element-populated\">\n\t\t\t\t\t\t<div class=\"elementor-element elementor-element-48bcc2cc elementor-align-right elementor-tablet-align-right elementor-widget elementor-widget-button\" data-id=\"48bcc2cc\" data-element_type=\"widget\" data-e-type=\"widget\" data-widget_type=\"button.default\">\n\t\t\t\t<div class=\"elementor-widget-container\">\n\t\t\t\t\t\t\t\t\t<div class=\"elementor-button-wrapper\">\n\t\t\t\t\t<a class=\"elementor-button elementor-button-link elementor-size-sm\" href=\"http:\/\/pzr.si\/?page_id=413\">\n\t\t\t\t\t\t<span class=\"elementor-button-content-wrapper\">\n\t\t\t\t\t\t<span class=\"elementor-button-icon\">\n\t\t\t\t<svg aria-hidden=\"true\" class=\"e-font-icon-svg e-fas-arrow-right\" viewBox=\"0 0 448 512\" xmlns=\"http:\/\/www.w3.org\/2000\/svg\"><path d=\"M190.5 66.9l22.2-22.2c9.4-9.4 24.6-9.4 33.9 0L441 239c9.4 9.4 9.4 24.6 0 33.9L246.6 467.3c-9.4 9.4-24.6 9.4-33.9 0l-22.2-22.2c-9.5-9.5-9.3-25 .4-34.3L311.4 296H24c-13.3 0-24-10.7-24-24v-32c0-13.3 10.7-24 24-24h287.4L190.9 101.2c-9.8-9.3-10-24.8-.4-34.3z\"><\/path><\/svg>\t\t\t<\/span>\n\t\t\t\t\t\t\t\t\t<span class=\"elementor-button-text\">KONTAKT<\/span>\n\t\t\t\t\t<\/span>\n\t\t\t\t\t<\/a>\n\t\t\t\t<\/div>\n\t\t\t\t\t\t\t\t<\/div>\n\t\t\t\t<\/div>\n\t\t\t\t\t<\/div>\n\t\t<\/div>\n\t\t\t\t<div class=\"elementor-column elementor-col-50 elementor-inner-column elementor-element elementor-element-6e87d65f\" data-id=\"6e87d65f\" data-element_type=\"column\" data-e-type=\"column\">\n\t\t\t<div class=\"elementor-widget-wrap\">\n\t\t\t\t\t\t\t<\/div>\n\t\t<\/div>\n\t\t\t\t\t<\/div>\n\t\t<\/section>\n\t\t<div class=\"elementor-element elementor-element-a505163 e-flex e-con-boxed e-con e-parent\" data-id=\"a505163\" data-element_type=\"container\" data-e-type=\"container\">\n\t\t\t\t\t<div class=\"e-con-inner\">\n\t\t\t\t<div class=\"elementor-element elementor-element-40be287 elementor-widget elementor-widget-image-gallery\" data-id=\"40be287\" data-element_type=\"widget\" data-e-type=\"widget\" data-widget_type=\"image-gallery.default\">\n\t\t\t\t<div class=\"elementor-widget-container\">\n\t\t\t\t\t\t\t<div class=\"elementor-image-gallery\">\n\t\t\t<div id='gallery-1' class='gallery galleryid-9766 gallery-columns-4 gallery-size-thumbnail'><figure class='gallery-item'>\n\t\t\t<div class='gallery-icon portrait'>\n\t\t\t\t<a data-elementor-open-lightbox=\"yes\" data-elementor-lightbox-slideshow=\"40be287\" data-elementor-lightbox-title=\"IMG_4632\" data-e-action-hash=\"#elementor-action%3Aaction%3Dlightbox%26settings%3DeyJpZCI6OTg1NiwidXJsIjoiaHR0cDpcL1wvcHpyLnNpXC93cC1jb250ZW50XC91cGxvYWRzXC8yMDI1XC8wNFwvSU1HXzQ2MzItc2NhbGVkLmpwZyIsInNsaWRlc2hvdyI6IjQwYmUyODcifQ%3D%3D\" href='http:\/\/pzr.si\/wp-content\/uploads\/2025\/04\/IMG_4632-scaled.jpg'><img decoding=\"async\" width=\"150\" height=\"150\" src=\"http:\/\/pzr.si\/wp-content\/uploads\/2025\/04\/IMG_4632-150x150.jpg\" class=\"attachment-thumbnail size-thumbnail\" alt=\"\" aria-describedby=\"gallery-1-9856\" srcset=\"http:\/\/pzr.si\/wp-content\/uploads\/2025\/04\/IMG_4632-150x150.jpg 150w, http:\/\/pzr.si\/wp-content\/uploads\/2025\/04\/IMG_4632-300x300.jpg 300w, http:\/\/pzr.si\/wp-content\/uploads\/2025\/04\/IMG_4632-100x100.jpg 100w, http:\/\/pzr.si\/wp-content\/uploads\/2025\/04\/IMG_4632-600x600.jpg 600w, http:\/\/pzr.si\/wp-content\/uploads\/2025\/04\/IMG_4632-96x96.jpg 96w\" sizes=\"(max-width: 150px) 100vw, 150px\" \/><\/a>\n\t\t\t<\/div>\n\t\t\t\t<figcaption class='wp-caption-text gallery-caption' id='gallery-1-9856'>\n\t\t\t\t 1kg za osebni avtomobil\n\t\t\t\t<\/figcaption><\/figure><figure class='gallery-item'>\n\t\t\t<div class='gallery-icon portrait'>\n\t\t\t\t<a data-elementor-open-lightbox=\"yes\" data-elementor-lightbox-slideshow=\"40be287\" data-elementor-lightbox-title=\"IMG_4634\" data-e-action-hash=\"#elementor-action%3Aaction%3Dlightbox%26settings%3DeyJpZCI6OTg1NywidXJsIjoiaHR0cDpcL1wvcHpyLnNpXC93cC1jb250ZW50XC91cGxvYWRzXC8yMDI1XC8wNFwvSU1HXzQ2MzQtc2NhbGVkLmpwZyIsInNsaWRlc2hvdyI6IjQwYmUyODcifQ%3D%3D\" href='http:\/\/pzr.si\/wp-content\/uploads\/2025\/04\/IMG_4634-scaled.jpg'><img decoding=\"async\" width=\"150\" height=\"150\" src=\"http:\/\/pzr.si\/wp-content\/uploads\/2025\/04\/IMG_4634-150x150.jpg\" class=\"attachment-thumbnail size-thumbnail\" alt=\"\" srcset=\"http:\/\/pzr.si\/wp-content\/uploads\/2025\/04\/IMG_4634-150x150.jpg 150w, http:\/\/pzr.si\/wp-content\/uploads\/2025\/04\/IMG_4634-300x300.jpg 300w, http:\/\/pzr.si\/wp-content\/uploads\/2025\/04\/IMG_4634-100x100.jpg 100w, http:\/\/pzr.si\/wp-content\/uploads\/2025\/04\/IMG_4634-600x600.jpg 600w, http:\/\/pzr.si\/wp-content\/uploads\/2025\/04\/IMG_4634-96x96.jpg 96w\" sizes=\"(max-width: 150px) 100vw, 150px\" \/><\/a>\n\t\t\t<\/div><\/figure><figure class='gallery-item'>\n\t\t\t<div class='gallery-icon portrait'>\n\t\t\t\t<a data-elementor-open-lightbox=\"yes\" data-elementor-lightbox-slideshow=\"40be287\" data-elementor-lightbox-title=\"IMG_4637\" data-e-action-hash=\"#elementor-action%3Aaction%3Dlightbox%26settings%3DeyJpZCI6OTg1OCwidXJsIjoiaHR0cDpcL1wvcHpyLnNpXC93cC1jb250ZW50XC91cGxvYWRzXC8yMDI1XC8wNFwvSU1HXzQ2Mzctc2NhbGVkLmpwZyIsInNsaWRlc2hvdyI6IjQwYmUyODcifQ%3D%3D\" href='http:\/\/pzr.si\/wp-content\/uploads\/2025\/04\/IMG_4637-scaled.jpg'><img loading=\"lazy\" decoding=\"async\" width=\"150\" height=\"150\" src=\"http:\/\/pzr.si\/wp-content\/uploads\/2025\/04\/IMG_4637-150x150.jpg\" class=\"attachment-thumbnail size-thumbnail\" alt=\"\" srcset=\"http:\/\/pzr.si\/wp-content\/uploads\/2025\/04\/IMG_4637-150x150.jpg 150w, http:\/\/pzr.si\/wp-content\/uploads\/2025\/04\/IMG_4637-300x300.jpg 300w, http:\/\/pzr.si\/wp-content\/uploads\/2025\/04\/IMG_4637-100x100.jpg 100w, http:\/\/pzr.si\/wp-content\/uploads\/2025\/04\/IMG_4637-600x600.jpg 600w, http:\/\/pzr.si\/wp-content\/uploads\/2025\/04\/IMG_4637-96x96.jpg 96w\" sizes=\"(max-width: 150px) 100vw, 150px\" \/><\/a>\n\t\t\t<\/div><\/figure><figure class='gallery-item'>\n\t\t\t<div class='gallery-icon portrait'>\n\t\t\t\t<a data-elementor-open-lightbox=\"yes\" data-elementor-lightbox-slideshow=\"40be287\" data-elementor-lightbox-title=\"IMG_4639\" data-e-action-hash=\"#elementor-action%3Aaction%3Dlightbox%26settings%3DeyJpZCI6OTg1OSwidXJsIjoiaHR0cDpcL1wvcHpyLnNpXC93cC1jb250ZW50XC91cGxvYWRzXC8yMDI1XC8wNFwvSU1HXzQ2Mzktc2NhbGVkLmpwZyIsInNsaWRlc2hvdyI6IjQwYmUyODcifQ%3D%3D\" href='http:\/\/pzr.si\/wp-content\/uploads\/2025\/04\/IMG_4639-scaled.jpg'><img loading=\"lazy\" decoding=\"async\" width=\"150\" height=\"150\" src=\"http:\/\/pzr.si\/wp-content\/uploads\/2025\/04\/IMG_4639-150x150.jpg\" class=\"attachment-thumbnail size-thumbnail\" alt=\"\" srcset=\"http:\/\/pzr.si\/wp-content\/uploads\/2025\/04\/IMG_4639-150x150.jpg 150w, http:\/\/pzr.si\/wp-content\/uploads\/2025\/04\/IMG_4639-300x300.jpg 300w, http:\/\/pzr.si\/wp-content\/uploads\/2025\/04\/IMG_4639-100x100.jpg 100w, http:\/\/pzr.si\/wp-content\/uploads\/2025\/04\/IMG_4639-600x600.jpg 600w, http:\/\/pzr.si\/wp-content\/uploads\/2025\/04\/IMG_4639-96x96.jpg 96w\" sizes=\"(max-width: 150px) 100vw, 150px\" \/><\/a>\n\t\t\t<\/div><\/figure><figure class='gallery-item'>\n\t\t\t<div class='gallery-icon portrait'>\n\t\t\t\t<a data-elementor-open-lightbox=\"yes\" data-elementor-lightbox-slideshow=\"40be287\" data-elementor-lightbox-title=\"IMG_4641\" data-e-action-hash=\"#elementor-action%3Aaction%3Dlightbox%26settings%3DeyJpZCI6OTg2MCwidXJsIjoiaHR0cDpcL1wvcHpyLnNpXC93cC1jb250ZW50XC91cGxvYWRzXC8yMDI1XC8wNFwvSU1HXzQ2NDEtc2NhbGVkLmpwZyIsInNsaWRlc2hvdyI6IjQwYmUyODcifQ%3D%3D\" href='http:\/\/pzr.si\/wp-content\/uploads\/2025\/04\/IMG_4641-scaled.jpg'><img loading=\"lazy\" decoding=\"async\" width=\"150\" height=\"150\" src=\"http:\/\/pzr.si\/wp-content\/uploads\/2025\/04\/IMG_4641-150x150.jpg\" class=\"attachment-thumbnail size-thumbnail\" alt=\"\" srcset=\"http:\/\/pzr.si\/wp-content\/uploads\/2025\/04\/IMG_4641-150x150.jpg 150w, http:\/\/pzr.si\/wp-content\/uploads\/2025\/04\/IMG_4641-300x300.jpg 300w, http:\/\/pzr.si\/wp-content\/uploads\/2025\/04\/IMG_4641-100x100.jpg 100w, http:\/\/pzr.si\/wp-content\/uploads\/2025\/04\/IMG_4641-600x600.jpg 600w, http:\/\/pzr.si\/wp-content\/uploads\/2025\/04\/IMG_4641-96x96.jpg 96w\" sizes=\"(max-width: 150px) 100vw, 150px\" \/><\/a>\n\t\t\t<\/div><\/figure><figure class='gallery-item'>\n\t\t\t<div class='gallery-icon portrait'>\n\t\t\t\t<a data-elementor-open-lightbox=\"yes\" data-elementor-lightbox-slideshow=\"40be287\" data-elementor-lightbox-title=\"IMG_4646\" data-e-action-hash=\"#elementor-action%3Aaction%3Dlightbox%26settings%3DeyJpZCI6OTg2MSwidXJsIjoiaHR0cDpcL1wvcHpyLnNpXC93cC1jb250ZW50XC91cGxvYWRzXC8yMDI1XC8wNFwvSU1HXzQ2NDYtc2NhbGVkLmpwZyIsInNsaWRlc2hvdyI6IjQwYmUyODcifQ%3D%3D\" href='http:\/\/pzr.si\/wp-content\/uploads\/2025\/04\/IMG_4646-scaled.jpg'><img loading=\"lazy\" decoding=\"async\" width=\"150\" height=\"150\" src=\"http:\/\/pzr.si\/wp-content\/uploads\/2025\/04\/IMG_4646-150x150.jpg\" class=\"attachment-thumbnail size-thumbnail\" alt=\"\" srcset=\"http:\/\/pzr.si\/wp-content\/uploads\/2025\/04\/IMG_4646-150x150.jpg 150w, http:\/\/pzr.si\/wp-content\/uploads\/2025\/04\/IMG_4646-300x300.jpg 300w, http:\/\/pzr.si\/wp-content\/uploads\/2025\/04\/IMG_4646-100x100.jpg 100w, http:\/\/pzr.si\/wp-content\/uploads\/2025\/04\/IMG_4646-600x600.jpg 600w, http:\/\/pzr.si\/wp-content\/uploads\/2025\/04\/IMG_4646-96x96.jpg 96w\" sizes=\"(max-width: 150px) 100vw, 150px\" \/><\/a>\n\t\t\t<\/div><\/figure><figure class='gallery-item'>\n\t\t\t<div class='gallery-icon portrait'>\n\t\t\t\t<a data-elementor-open-lightbox=\"yes\" data-elementor-lightbox-slideshow=\"40be287\" data-elementor-lightbox-title=\"IMG_4648\" data-e-action-hash=\"#elementor-action%3Aaction%3Dlightbox%26settings%3DeyJpZCI6OTg2MiwidXJsIjoiaHR0cDpcL1wvcHpyLnNpXC93cC1jb250ZW50XC91cGxvYWRzXC8yMDI1XC8wNFwvSU1HXzQ2NDgtc2NhbGVkLmpwZyIsInNsaWRlc2hvdyI6IjQwYmUyODcifQ%3D%3D\" href='http:\/\/pzr.si\/wp-content\/uploads\/2025\/04\/IMG_4648-scaled.jpg'><img loading=\"lazy\" decoding=\"async\" width=\"150\" height=\"150\" src=\"http:\/\/pzr.si\/wp-content\/uploads\/2025\/04\/IMG_4648-150x150.jpg\" class=\"attachment-thumbnail size-thumbnail\" alt=\"\" srcset=\"http:\/\/pzr.si\/wp-content\/uploads\/2025\/04\/IMG_4648-150x150.jpg 150w, http:\/\/pzr.si\/wp-content\/uploads\/2025\/04\/IMG_4648-300x300.jpg 300w, http:\/\/pzr.si\/wp-content\/uploads\/2025\/04\/IMG_4648-100x100.jpg 100w, http:\/\/pzr.si\/wp-content\/uploads\/2025\/04\/IMG_4648-600x600.jpg 600w, http:\/\/pzr.si\/wp-content\/uploads\/2025\/04\/IMG_4648-96x96.jpg 96w\" sizes=\"(max-width: 150px) 100vw, 150px\" \/><\/a>\n\t\t\t<\/div><\/figure><figure class='gallery-item'>\n\t\t\t<div class='gallery-icon portrait'>\n\t\t\t\t<a data-elementor-open-lightbox=\"yes\" data-elementor-lightbox-slideshow=\"40be287\" data-elementor-lightbox-title=\"IMG_4652\" data-e-action-hash=\"#elementor-action%3Aaction%3Dlightbox%26settings%3DeyJpZCI6OTg2MywidXJsIjoiaHR0cDpcL1wvcHpyLnNpXC93cC1jb250ZW50XC91cGxvYWRzXC8yMDI1XC8wNFwvSU1HXzQ2NTItc2NhbGVkLmpwZyIsInNsaWRlc2hvdyI6IjQwYmUyODcifQ%3D%3D\" href='http:\/\/pzr.si\/wp-content\/uploads\/2025\/04\/IMG_4652-scaled.jpg'><img loading=\"lazy\" decoding=\"async\" width=\"150\" height=\"150\" src=\"http:\/\/pzr.si\/wp-content\/uploads\/2025\/04\/IMG_4652-150x150.jpg\" class=\"attachment-thumbnail size-thumbnail\" alt=\"\" srcset=\"http:\/\/pzr.si\/wp-content\/uploads\/2025\/04\/IMG_4652-150x150.jpg 150w, http:\/\/pzr.si\/wp-content\/uploads\/2025\/04\/IMG_4652-300x300.jpg 300w, http:\/\/pzr.si\/wp-content\/uploads\/2025\/04\/IMG_4652-100x100.jpg 100w, http:\/\/pzr.si\/wp-content\/uploads\/2025\/04\/IMG_4652-600x600.jpg 600w, http:\/\/pzr.si\/wp-content\/uploads\/2025\/04\/IMG_4652-96x96.jpg 96w\" sizes=\"(max-width: 150px) 100vw, 150px\" \/><\/a>\n\t\t\t<\/div><\/figure><figure class='gallery-item'>\n\t\t\t<div class='gallery-icon portrait'>\n\t\t\t\t<a data-elementor-open-lightbox=\"yes\" data-elementor-lightbox-slideshow=\"40be287\" data-elementor-lightbox-title=\"IMG_4653\" data-e-action-hash=\"#elementor-action%3Aaction%3Dlightbox%26settings%3DeyJpZCI6OTg2NCwidXJsIjoiaHR0cDpcL1wvcHpyLnNpXC93cC1jb250ZW50XC91cGxvYWRzXC8yMDI1XC8wNFwvSU1HXzQ2NTMtc2NhbGVkLmpwZyIsInNsaWRlc2hvdyI6IjQwYmUyODcifQ%3D%3D\" href='http:\/\/pzr.si\/wp-content\/uploads\/2025\/04\/IMG_4653-scaled.jpg'><img loading=\"lazy\" decoding=\"async\" width=\"150\" height=\"150\" src=\"http:\/\/pzr.si\/wp-content\/uploads\/2025\/04\/IMG_4653-150x150.jpg\" class=\"attachment-thumbnail size-thumbnail\" alt=\"\" srcset=\"http:\/\/pzr.si\/wp-content\/uploads\/2025\/04\/IMG_4653-150x150.jpg 150w, http:\/\/pzr.si\/wp-content\/uploads\/2025\/04\/IMG_4653-300x300.jpg 300w, http:\/\/pzr.si\/wp-content\/uploads\/2025\/04\/IMG_4653-100x100.jpg 100w, http:\/\/pzr.si\/wp-content\/uploads\/2025\/04\/IMG_4653-600x600.jpg 600w, http:\/\/pzr.si\/wp-content\/uploads\/2025\/04\/IMG_4653-96x96.jpg 96w\" sizes=\"(max-width: 150px) 100vw, 150px\" \/><\/a>\n\t\t\t<\/div><\/figure><figure class='gallery-item'>\n\t\t\t<div class='gallery-icon portrait'>\n\t\t\t\t<a data-elementor-open-lightbox=\"yes\" data-elementor-lightbox-slideshow=\"40be287\" data-elementor-lightbox-title=\"IMG_4658\" data-e-action-hash=\"#elementor-action%3Aaction%3Dlightbox%26settings%3DeyJpZCI6OTg2NSwidXJsIjoiaHR0cDpcL1wvcHpyLnNpXC93cC1jb250ZW50XC91cGxvYWRzXC8yMDI1XC8wNFwvSU1HXzQ2NTgtc2NhbGVkLmpwZyIsInNsaWRlc2hvdyI6IjQwYmUyODcifQ%3D%3D\" href='http:\/\/pzr.si\/wp-content\/uploads\/2025\/04\/IMG_4658-scaled.jpg'><img loading=\"lazy\" decoding=\"async\" width=\"150\" height=\"150\" src=\"http:\/\/pzr.si\/wp-content\/uploads\/2025\/04\/IMG_4658-150x150.jpg\" class=\"attachment-thumbnail size-thumbnail\" alt=\"\" srcset=\"http:\/\/pzr.si\/wp-content\/uploads\/2025\/04\/IMG_4658-150x150.jpg 150w, http:\/\/pzr.si\/wp-content\/uploads\/2025\/04\/IMG_4658-300x300.jpg 300w, http:\/\/pzr.si\/wp-content\/uploads\/2025\/04\/IMG_4658-100x100.jpg 100w, http:\/\/pzr.si\/wp-content\/uploads\/2025\/04\/IMG_4658-600x600.jpg 600w, http:\/\/pzr.si\/wp-content\/uploads\/2025\/04\/IMG_4658-96x96.jpg 96w\" sizes=\"(max-width: 150px) 100vw, 150px\" \/><\/a>\n\t\t\t<\/div><\/figure><figure class='gallery-item'>\n\t\t\t<div class='gallery-icon portrait'>\n\t\t\t\t<a data-elementor-open-lightbox=\"yes\" data-elementor-lightbox-slideshow=\"40be287\" data-elementor-lightbox-title=\"IMG_4662\" data-e-action-hash=\"#elementor-action%3Aaction%3Dlightbox%26settings%3DeyJpZCI6OTg2NiwidXJsIjoiaHR0cDpcL1wvcHpyLnNpXC93cC1jb250ZW50XC91cGxvYWRzXC8yMDI1XC8wNFwvSU1HXzQ2NjItc2NhbGVkLmpwZyIsInNsaWRlc2hvdyI6IjQwYmUyODcifQ%3D%3D\" href='http:\/\/pzr.si\/wp-content\/uploads\/2025\/04\/IMG_4662-scaled.jpg'><img loading=\"lazy\" decoding=\"async\" width=\"150\" height=\"150\" src=\"http:\/\/pzr.si\/wp-content\/uploads\/2025\/04\/IMG_4662-150x150.jpg\" class=\"attachment-thumbnail size-thumbnail\" alt=\"\" srcset=\"http:\/\/pzr.si\/wp-content\/uploads\/2025\/04\/IMG_4662-150x150.jpg 150w, http:\/\/pzr.si\/wp-content\/uploads\/2025\/04\/IMG_4662-300x300.jpg 300w, http:\/\/pzr.si\/wp-content\/uploads\/2025\/04\/IMG_4662-100x100.jpg 100w, http:\/\/pzr.si\/wp-content\/uploads\/2025\/04\/IMG_4662-600x600.jpg 600w, http:\/\/pzr.si\/wp-content\/uploads\/2025\/04\/IMG_4662-96x96.jpg 96w\" sizes=\"(max-width: 150px) 100vw, 150px\" \/><\/a>\n\t\t\t<\/div><\/figure><figure class='gallery-item'>\n\t\t\t<div class='gallery-icon portrait'>\n\t\t\t\t<a data-elementor-open-lightbox=\"yes\" data-elementor-lightbox-slideshow=\"40be287\" data-elementor-lightbox-title=\"IMG_4665\" data-e-action-hash=\"#elementor-action%3Aaction%3Dlightbox%26settings%3DeyJpZCI6OTg2NywidXJsIjoiaHR0cDpcL1wvcHpyLnNpXC93cC1jb250ZW50XC91cGxvYWRzXC8yMDI1XC8wNFwvSU1HXzQ2NjUtc2NhbGVkLmpwZyIsInNsaWRlc2hvdyI6IjQwYmUyODcifQ%3D%3D\" href='http:\/\/pzr.si\/wp-content\/uploads\/2025\/04\/IMG_4665-scaled.jpg'><img loading=\"lazy\" decoding=\"async\" width=\"150\" height=\"150\" src=\"http:\/\/pzr.si\/wp-content\/uploads\/2025\/04\/IMG_4665-150x150.jpg\" class=\"attachment-thumbnail size-thumbnail\" alt=\"\" srcset=\"http:\/\/pzr.si\/wp-content\/uploads\/2025\/04\/IMG_4665-150x150.jpg 150w, http:\/\/pzr.si\/wp-content\/uploads\/2025\/04\/IMG_4665-300x300.jpg 300w, http:\/\/pzr.si\/wp-content\/uploads\/2025\/04\/IMG_4665-100x100.jpg 100w, http:\/\/pzr.si\/wp-content\/uploads\/2025\/04\/IMG_4665-600x600.jpg 600w, http:\/\/pzr.si\/wp-content\/uploads\/2025\/04\/IMG_4665-96x96.jpg 96w\" sizes=\"(max-width: 150px) 100vw, 150px\" \/><\/a>\n\t\t\t<\/div><\/figure>\n\t\t<\/div>\n\t\t<\/div>\n\t\t\t\t\t\t<\/div>\n\t\t\t\t<\/div>\n\t\t\t\t\t<\/div>\n\t\t\t\t<\/div>\n\t\t\t\t<\/div>\n\t\t","protected":false},"excerpt":{"rendered":"<p>OD ZA\u010cETKA DO KONCA Pri PZR d.o.o. zagotavljamo celovite re\u0161itve na podro\u010dju gasilnikov \u2013 od strokovnega svetovanja, prodaje, poobla\u0161\u010denega servisa, rednega vzdr\u017eevanja do temeljitih pregledov delovanja. Skrbimo, da so gasilniki vedno brezhibni in pripravljeni za uporabo, ne glede na to, ali jih potrebujete za poslovne prostore, industrijske obrate, javne ustanove ali stanovanjske objekte. Na\u0161a ponudba&#8230;<\/p>\n","protected":false},"author":1,"featured_media":0,"parent":0,"menu_order":0,"comment_status":"closed","ping_status":"closed","template":"","meta":{"_acf_changed":false,"inline_featured_image":false,"_monsterinsights_skip_tracking":false,"_monsterinsights_sitenote_active":false,"_monsterinsights_sitenote_note":"","_monsterinsights_sitenote_category":0,"footnotes":""},"class_list":["post-9766","page","type-page","status-publish","hentry"],"acf":[],"aioseo_notices":[],"_links":{"self":[{"href":"http:\/\/pzr.si\/index.php?rest_route=\/wp\/v2\/pages\/9766","targetHints":{"allow":["GET"]}}],"collection":[{"href":"http:\/\/pzr.si\/index.php?rest_route=\/wp\/v2\/pages"}],"about":[{"href":"http:\/\/pzr.si\/index.php?rest_route=\/wp\/v2\/types\/page"}],"author":[{"embeddable":true,"href":"http:\/\/pzr.si\/index.php?rest_route=\/wp\/v2\/users\/1"}],"replies":[{"embeddable":true,"href":"http:\/\/pzr.si\/index.php?rest_route=%2Fwp%2Fv2%2Fcomments&post=9766"}],"version-history":[{"count":22,"href":"http:\/\/pzr.si\/index.php?rest_route=\/wp\/v2\/pages\/9766\/revisions"}],"predecessor-version":[{"id":10070,"href":"http:\/\/pzr.si\/index.php?rest_route=\/wp\/v2\/pages\/9766\/revisions\/10070"}],"wp:attachment":[{"href":"http:\/\/pzr.si\/index.php?rest_route=%2Fwp%2Fv2%2Fmedia&parent=9766"}],"curies":[{"name":"wp","href":"https:\/\/api.w.org\/{rel}","templated":true}]}}