{"id":9775,"date":"2025-04-21T07:21:15","date_gmt":"2025-04-21T07:21:15","guid":{"rendered":"http:\/\/pzr.si\/?page_id=9775"},"modified":"2025-10-30T08:16:20","modified_gmt":"2025-10-30T08:16:20","slug":"varstvo-pri-delu","status":"publish","type":"page","link":"http:\/\/pzr.si\/?page_id=9775","title":{"rendered":"VARSTVO PRI DELU"},"content":{"rendered":"\t\t<div data-elementor-type=\"wp-page\" data-elementor-id=\"9775\" class=\"elementor elementor-9775\">\n\t\t\t\t\t\t<section class=\"elementor-section elementor-top-section elementor-element elementor-element-40484d2 elementor-section-boxed elementor-section-height-default elementor-section-height-default\" data-id=\"40484d2\" data-element_type=\"section\" data-e-type=\"section\">\n\t\t\t\t\t\t<div class=\"elementor-container elementor-column-gap-default\">\n\t\t\t\t\t<div class=\"elementor-column elementor-col-100 elementor-top-column elementor-element elementor-element-3e29073d\" data-id=\"3e29073d\" data-element_type=\"column\" data-e-type=\"column\">\n\t\t\t<div class=\"elementor-widget-wrap elementor-element-populated\">\n\t\t\t\t\t\t<div class=\"elementor-element elementor-element-7ca735f5 elementor-widget elementor-widget-heading\" data-id=\"7ca735f5\" data-element_type=\"widget\" data-e-type=\"widget\" data-widget_type=\"heading.default\">\n\t\t\t\t<div class=\"elementor-widget-container\">\n\t\t\t\t\t<h2 class=\"elementor-heading-title elementor-size-default\">VARNOST IN ZDRAVJE PRI DELU\n<\/h2>\t\t\t\t<\/div>\n\t\t\t\t<\/div>\n\t\t\t\t<div class=\"elementor-element elementor-element-3b77f941 elementor-widget elementor-widget-text-editor\" data-id=\"3b77f941\" data-element_type=\"widget\" data-e-type=\"widget\" data-widget_type=\"text-editor.default\">\n\t\t\t\t<div class=\"elementor-widget-container\">\n\t\t\t\t\t\t\t\t\t<div class=\"csc-header csc-header-n3\"><hr \/><ul><li><span style=\"text-decoration: underline;\"><strong>Izobra\u017eevanje in usposabljanje na podro\u010dju varstva pri delu<\/strong><\/span><br \/>Organizacija in izvajanje izobra\u017eevanj ter prakti\u010dnih usposabljanj za zaposlene z namenom zagotavljanja varnega dela, zmanj\u0161evanja tveganj za nesre\u010de ter izpolnjevanja zakonskih zahtev.<\/li><li><span style=\"text-decoration: underline;\"><strong>Izdelava izjave o varnosti in ocenjevanje tveganj<\/strong><\/span><br \/>Priprava temeljnega dokumenta, ki opisuje ukrepe za zagotavljanje varnega dela ter vklju\u010duje sistemati\u010dno oceno vseh mo\u017enih nevarnosti in tveganj na delovnem mestu.<\/li><li><span style=\"text-decoration: underline;\"><strong>Pregled in preizkus vse vrste delovne opreme<\/strong><\/span><br \/>Redni pregledi, preizkusi in potrditve brezhibnega delovanja delovnih strojev, orodij in opreme za zagotovitev varnosti uporabnikov ter prepre\u010ditev okvar ali nesre\u010d. Meritve ozemljitve elektri\u010dnih naprav in preverjanje u\u010dinkovitosti ozemljitve, ki zagotavlja varno delovanje elektri\u010dnih naprav in za\u0161\u010dito uporabnikov pred nevarnimi napetostmi.<\/li><li><span style=\"text-decoration: underline;\"><strong>Opravljanje periodi\u010dnih preiskav\u00a0 fizikalnih \u0161kodljivosti v delovnem okolju<\/strong><\/span><br \/>Sistemati\u010dno merjenje in analiza hrupa, mikroklime in osvetlitve delovnega prostora, kot dejavniki ki lahko vplivajo na zdravje zaposlenih.<\/li><\/ul><\/div>\t\t\t\t\t\t\t\t<\/div>\n\t\t\t\t<\/div>\n\t\t\t\t<div class=\"elementor-element elementor-element-3e86b873 elementor-widget elementor-widget-text-editor\" data-id=\"3e86b873\" data-element_type=\"widget\" data-e-type=\"widget\" data-widget_type=\"text-editor.default\">\n\t\t\t\t<div class=\"elementor-widget-container\">\n\t\t\t\t\t\t\t\t\t<p class=\"\" data-start=\"47\" data-end=\"411\"><em>Vsaki stranki se posvetimo individualno, saj verjamemo, da je varno in urejeno delovno okolje vedno rezultat prilagojenega pristopa. Na podlagi va\u0161ih potreb pripravimo personalizirane re\u0161itve in prilagodimo storitve posebnim \u017eeljam ter zahtevam. Skupaj z vami oblikujemo na\u010drt, ki najbolje ustreza va\u0161im delovnim procesom, zahtevam panoge in zakonskim obveznostim.<\/em><\/p>\t\t\t\t\t\t\t\t<\/div>\n\t\t\t\t<\/div>\n\t\t\t\t<section class=\"elementor-section elementor-inner-section elementor-element elementor-element-16eec826 elementor-section-boxed elementor-section-height-default elementor-section-height-default\" data-id=\"16eec826\" data-element_type=\"section\" data-e-type=\"section\">\n\t\t\t\t\t\t<div class=\"elementor-container elementor-column-gap-no\">\n\t\t\t\t\t<div class=\"elementor-column elementor-col-33 elementor-inner-column elementor-element elementor-element-2724f91a\" data-id=\"2724f91a\" data-element_type=\"column\" data-e-type=\"column\">\n\t\t\t<div class=\"elementor-widget-wrap elementor-element-populated\">\n\t\t\t\t\t\t<div class=\"elementor-element elementor-element-584bc557 elementor-align-left elementor-tablet-align-right elementor-widget elementor-widget-button\" data-id=\"584bc557\" data-element_type=\"widget\" data-e-type=\"widget\" data-widget_type=\"button.default\">\n\t\t\t\t<div class=\"elementor-widget-container\">\n\t\t\t\t\t\t\t\t\t<div class=\"elementor-button-wrapper\">\n\t\t\t\t\t<a class=\"elementor-button elementor-button-link elementor-size-sm\" href=\"http:\/\/pzr.si\/?page_id=413\">\n\t\t\t\t\t\t<span class=\"elementor-button-content-wrapper\">\n\t\t\t\t\t\t<span class=\"elementor-button-icon\">\n\t\t\t\t<svg aria-hidden=\"true\" class=\"e-font-icon-svg e-fas-arrow-right\" viewBox=\"0 0 448 512\" xmlns=\"http:\/\/www.w3.org\/2000\/svg\"><path d=\"M190.5 66.9l22.2-22.2c9.4-9.4 24.6-9.4 33.9 0L441 239c9.4 9.4 9.4 24.6 0 33.9L246.6 467.3c-9.4 9.4-24.6 9.4-33.9 0l-22.2-22.2c-9.5-9.5-9.3-25 .4-34.3L311.4 296H24c-13.3 0-24-10.7-24-24v-32c0-13.3 10.7-24 24-24h287.4L190.9 101.2c-9.8-9.3-10-24.8-.4-34.3z\"><\/path><\/svg>\t\t\t<\/span>\n\t\t\t\t\t\t\t\t\t<span class=\"elementor-button-text\">KONTAKT<\/span>\n\t\t\t\t\t<\/span>\n\t\t\t\t\t<\/a>\n\t\t\t\t<\/div>\n\t\t\t\t\t\t\t\t<\/div>\n\t\t\t\t<\/div>\n\t\t\t\t\t<\/div>\n\t\t<\/div>\n\t\t\t\t<div class=\"elementor-column elementor-col-33 elementor-inner-column elementor-element elementor-element-358593b4\" data-id=\"358593b4\" data-element_type=\"column\" data-e-type=\"column\">\n\t\t\t<div class=\"elementor-widget-wrap\">\n\t\t\t\t\t\t\t<\/div>\n\t\t<\/div>\n\t\t\t\t<div class=\"elementor-column elementor-col-33 elementor-inner-column elementor-element elementor-element-746bdf39\" data-id=\"746bdf39\" data-element_type=\"column\" data-e-type=\"column\">\n\t\t\t<div class=\"elementor-widget-wrap\">\n\t\t\t\t\t\t\t<\/div>\n\t\t<\/div>\n\t\t\t\t\t<\/div>\n\t\t<\/section>\n\t\t\t\t\t<\/div>\n\t\t<\/div>\n\t\t\t\t\t<\/div>\n\t\t<\/section>\n\t\t<div class=\"elementor-element elementor-element-7d864f9 e-flex e-con-boxed e-con e-parent\" data-id=\"7d864f9\" data-element_type=\"container\" data-e-type=\"container\">\n\t\t\t\t\t<div class=\"e-con-inner\">\n\t\t\t\t<div class=\"elementor-element elementor-element-99357e9 elementor-arrows-position-inside elementor-pagination-position-outside elementor-widget elementor-widget-image-carousel\" data-id=\"99357e9\" data-element_type=\"widget\" data-e-type=\"widget\" data-settings=\"{&quot;slides_to_show&quot;:&quot;5&quot;,&quot;navigation&quot;:&quot;both&quot;,&quot;autoplay&quot;:&quot;yes&quot;,&quot;pause_on_hover&quot;:&quot;yes&quot;,&quot;pause_on_interaction&quot;:&quot;yes&quot;,&quot;autoplay_speed&quot;:5000,&quot;infinite&quot;:&quot;yes&quot;,&quot;speed&quot;:500}\" data-widget_type=\"image-carousel.default\">\n\t\t\t\t<div class=\"elementor-widget-container\">\n\t\t\t\t\t\t\t<div class=\"elementor-image-carousel-wrapper swiper\" role=\"region\" aria-roledescription=\"carousel\" aria-label=\"Image Carousel\" dir=\"ltr\">\n\t\t\t<div class=\"elementor-image-carousel swiper-wrapper\" aria-live=\"off\">\n\t\t\t\t\t\t\t\t<div class=\"swiper-slide\" role=\"group\" aria-roledescription=\"slide\" aria-label=\"1 of 6\"><figure class=\"swiper-slide-inner\"><img decoding=\"async\" class=\"swiper-slide-image\" src=\"http:\/\/pzr.si\/wp-content\/uploads\/2025\/04\/566fe80da15c3cc7ad3eca754b2d51e0-150x150.jpg\" alt=\"566fe80da15c3cc7ad3eca754b2d51e0\" \/><\/figure><\/div><div class=\"swiper-slide\" role=\"group\" aria-roledescription=\"slide\" aria-label=\"2 of 6\"><figure class=\"swiper-slide-inner\"><img decoding=\"async\" class=\"swiper-slide-image\" src=\"http:\/\/pzr.si\/wp-content\/uploads\/2025\/04\/9aaf0da867d2cdde16798233691a4817-150x150.jpg\" alt=\"9aaf0da867d2cdde16798233691a4817\" \/><\/figure><\/div><div class=\"swiper-slide\" role=\"group\" aria-roledescription=\"slide\" aria-label=\"3 of 6\"><figure class=\"swiper-slide-inner\"><img decoding=\"async\" class=\"swiper-slide-image\" src=\"http:\/\/pzr.si\/wp-content\/uploads\/2025\/04\/ef6b0a1b05a2c790a0d45102250bed7e-150x150.jpg\" alt=\"ef6b0a1b05a2c790a0d45102250bed7e\" \/><\/figure><\/div><div class=\"swiper-slide\" role=\"group\" aria-roledescription=\"slide\" aria-label=\"4 of 6\"><figure class=\"swiper-slide-inner\"><img decoding=\"async\" class=\"swiper-slide-image\" src=\"http:\/\/pzr.si\/wp-content\/uploads\/2025\/04\/360_F_222784175_LvYyz7nwXmPw2G7AGdpHsFZIVbyKdqIp-150x150.jpg\" alt=\"360_F_222784175_LvYyz7nwXmPw2G7AGdpHsFZIVbyKdqIp\" \/><\/figure><\/div><div class=\"swiper-slide\" role=\"group\" aria-roledescription=\"slide\" aria-label=\"5 of 6\"><figure class=\"swiper-slide-inner\"><img decoding=\"async\" class=\"swiper-slide-image\" src=\"http:\/\/pzr.si\/wp-content\/uploads\/2025\/04\/b1eb7ec6c594fceb0ca71a5449252a93-150x150.jpg\" alt=\"b1eb7ec6c594fceb0ca71a5449252a93\" \/><\/figure><\/div><div class=\"swiper-slide\" role=\"group\" aria-roledescription=\"slide\" aria-label=\"6 of 6\"><figure class=\"swiper-slide-inner\"><img decoding=\"async\" class=\"swiper-slide-image\" src=\"http:\/\/pzr.si\/wp-content\/uploads\/2025\/04\/scene-building-construction-site_1308-108395-150x150.jpg\" alt=\"scene-building-construction-site_1308-108395\" \/><\/figure><\/div>\t\t\t<\/div>\n\t\t\t\t\t\t\t\t\t\t\t\t<div class=\"elementor-swiper-button elementor-swiper-button-prev\" role=\"button\" tabindex=\"0\">\n\t\t\t\t\t\t<svg aria-hidden=\"true\" class=\"e-font-icon-svg e-eicon-chevron-left\" viewBox=\"0 0 1000 1000\" xmlns=\"http:\/\/www.w3.org\/2000\/svg\"><path d=\"M646 125C629 125 613 133 604 142L308 442C296 454 292 471 292 487 292 504 296 521 308 533L604 854C617 867 629 875 646 875 663 875 679 871 692 858 704 846 713 829 713 812 713 796 708 779 692 767L438 487 692 225C700 217 708 204 708 187 708 171 704 154 692 142 675 129 663 125 646 125Z\"><\/path><\/svg>\t\t\t\t\t<\/div>\n\t\t\t\t\t<div class=\"elementor-swiper-button elementor-swiper-button-next\" role=\"button\" tabindex=\"0\">\n\t\t\t\t\t\t<svg aria-hidden=\"true\" class=\"e-font-icon-svg e-eicon-chevron-right\" viewBox=\"0 0 1000 1000\" xmlns=\"http:\/\/www.w3.org\/2000\/svg\"><path d=\"M696 533C708 521 713 504 713 487 713 471 708 454 696 446L400 146C388 133 375 125 354 125 338 125 325 129 313 142 300 154 292 171 292 187 292 204 296 221 308 233L563 492 304 771C292 783 288 800 288 817 288 833 296 850 308 863 321 871 338 875 354 875 371 875 388 867 400 854L696 533Z\"><\/path><\/svg>\t\t\t\t\t<\/div>\n\t\t\t\t\n\t\t\t\t\t\t\t\t\t<div class=\"swiper-pagination\"><\/div>\n\t\t\t\t\t\t\t\t\t<\/div>\n\t\t\t\t\t\t<\/div>\n\t\t\t\t<\/div>\n\t\t\t\t\t<\/div>\n\t\t\t\t<\/div>\n\t\t\t\t<\/div>\n\t\t","protected":false},"excerpt":{"rendered":"<p>VARNOST IN ZDRAVJE PRI DELU Izobra\u017eevanje in usposabljanje na podro\u010dju varstva pri deluOrganizacija in izvajanje izobra\u017eevanj ter prakti\u010dnih usposabljanj za zaposlene z namenom zagotavljanja varnega dela, zmanj\u0161evanja tveganj za nesre\u010de ter izpolnjevanja zakonskih zahtev. Izdelava izjave o varnosti in ocenjevanje tveganjPriprava temeljnega dokumenta, ki opisuje ukrepe za zagotavljanje varnega dela ter vklju\u010duje sistemati\u010dno oceno vseh&#8230;<\/p>\n","protected":false},"author":1,"featured_media":0,"parent":0,"menu_order":0,"comment_status":"closed","ping_status":"closed","template":"","meta":{"_acf_changed":false,"inline_featured_image":false,"_monsterinsights_skip_tracking":false,"_monsterinsights_sitenote_active":false,"_monsterinsights_sitenote_note":"","_monsterinsights_sitenote_category":0,"footnotes":""},"class_list":["post-9775","page","type-page","status-publish","hentry"],"acf":[],"aioseo_notices":[],"_links":{"self":[{"href":"http:\/\/pzr.si\/index.php?rest_route=\/wp\/v2\/pages\/9775","targetHints":{"allow":["GET"]}}],"collection":[{"href":"http:\/\/pzr.si\/index.php?rest_route=\/wp\/v2\/pages"}],"about":[{"href":"http:\/\/pzr.si\/index.php?rest_route=\/wp\/v2\/types\/page"}],"author":[{"embeddable":true,"href":"http:\/\/pzr.si\/index.php?rest_route=\/wp\/v2\/users\/1"}],"replies":[{"embeddable":true,"href":"http:\/\/pzr.si\/index.php?rest_route=%2Fwp%2Fv2%2Fcomments&post=9775"}],"version-history":[{"count":25,"href":"http:\/\/pzr.si\/index.php?rest_route=\/wp\/v2\/pages\/9775\/revisions"}],"predecessor-version":[{"id":10064,"href":"http:\/\/pzr.si\/index.php?rest_route=\/wp\/v2\/pages\/9775\/revisions\/10064"}],"wp:attachment":[{"href":"http:\/\/pzr.si\/index.php?rest_route=%2Fwp%2Fv2%2Fmedia&parent=9775"}],"curies":[{"name":"wp","href":"https:\/\/api.w.org\/{rel}","templated":true}]}}