{"id":437,"date":"2022-04-22T07:15:25","date_gmt":"2022-04-22T07:15:25","guid":{"rendered":"http:\/\/agon.boostifythemes.com\/?page_id=437"},"modified":"2025-04-27T11:07:48","modified_gmt":"2025-04-27T11:07:48","slug":"terms-conditions","status":"publish","type":"page","link":"https:\/\/pzr.si\/?page_id=437","title":{"rendered":"Terms &#038; Conditions"},"content":{"rendered":"\t\t<div data-elementor-type=\"wp-page\" data-elementor-id=\"437\" class=\"elementor elementor-437\">\n\t\t\t\t\t\t<section class=\"elementor-section elementor-top-section elementor-element elementor-element-f14dbd3 elementor-section-boxed elementor-section-height-default elementor-section-height-default\" data-id=\"f14dbd3\" data-element_type=\"section\" data-e-type=\"section\">\n\t\t\t\t\t\t<div class=\"elementor-container elementor-column-gap-default\">\n\t\t\t\t\t<div class=\"elementor-column elementor-col-100 elementor-top-column elementor-element elementor-element-4b568a7\" data-id=\"4b568a7\" data-element_type=\"column\" data-e-type=\"column\">\n\t\t\t<div class=\"elementor-widget-wrap elementor-element-populated\">\n\t\t\t\t\t\t<div class=\"elementor-element elementor-element-c84aa6a elementor-widget elementor-widget-heading\" data-id=\"c84aa6a\" data-element_type=\"widget\" data-e-type=\"widget\" data-widget_type=\"heading.default\">\n\t\t\t\t<div class=\"elementor-widget-container\">\n\t\t\t\t\t<h1 class=\"elementor-heading-title elementor-size-default\">PRAVILNIK ZASEBNOSTI<\/h1>\t\t\t\t<\/div>\n\t\t\t\t<\/div>\n\t\t\t\t\t<\/div>\n\t\t<\/div>\n\t\t\t\t\t<\/div>\n\t\t<\/section>\n\t\t\t\t<section class=\"elementor-section elementor-top-section elementor-element elementor-element-539022c elementor-section-boxed elementor-section-height-default elementor-section-height-default\" data-id=\"539022c\" data-element_type=\"section\" data-e-type=\"section\">\n\t\t\t\t\t\t<div class=\"elementor-container elementor-column-gap-default\">\n\t\t\t\t\t<div class=\"elementor-column elementor-col-33 elementor-top-column elementor-element elementor-element-e8df3fb\" data-id=\"e8df3fb\" data-element_type=\"column\" data-e-type=\"column\">\n\t\t\t<div class=\"elementor-widget-wrap elementor-element-populated\">\n\t\t\t\t\t\t<div class=\"elementor-element elementor-element-628e1cb elementor-widget elementor-widget-heading\" data-id=\"628e1cb\" data-element_type=\"widget\" data-e-type=\"widget\" data-widget_type=\"heading.default\">\n\t\t\t\t<div class=\"elementor-widget-container\">\n\t\t\t\t\t<h6 class=\"elementor-heading-title elementor-size-default\">MENI<\/h6>\t\t\t\t<\/div>\n\t\t\t\t<\/div>\n\t\t\t\t<div class=\"elementor-element elementor-element-37f5fe1 elementor-icon-list--layout-traditional elementor-list-item-link-full_width elementor-widget elementor-widget-icon-list\" data-id=\"37f5fe1\" data-element_type=\"widget\" data-e-type=\"widget\" data-widget_type=\"icon-list.default\">\n\t\t\t\t<div class=\"elementor-widget-container\">\n\t\t\t\t\t\t\t<ul class=\"elementor-icon-list-items\">\n\t\t\t\t\t\t\t<li class=\"elementor-icon-list-item\">\n\t\t\t\t\t\t\t\t\t\t\t<a href=\"#Limitation\">\n\n\t\t\t\t\t\t\t\t\t\t\t<span class=\"elementor-icon-list-text\">Varnost in zasebnost<\/span>\n\t\t\t\t\t\t\t\t\t\t\t<\/a>\n\t\t\t\t\t\t\t\t\t<\/li>\n\t\t\t\t\t\t\t\t<li class=\"elementor-icon-list-item\">\n\t\t\t\t\t\t\t\t\t\t\t<a href=\"#Licensing\">\n\n\t\t\t\t\t\t\t\t\t\t\t<span class=\"elementor-icon-list-text\">Pi\u0161kotki<\/span>\n\t\t\t\t\t\t\t\t\t\t\t<\/a>\n\t\t\t\t\t\t\t\t\t<\/li>\n\t\t\t\t\t\t\t\t<li class=\"elementor-icon-list-item\">\n\t\t\t\t\t\t\t\t\t\t\t<a href=\"#Product%20\">\n\n\t\t\t\t\t\t\t\t\t\t\t<span class=\"elementor-icon-list-text\">Soglasje o uporabi<\/span>\n\t\t\t\t\t\t\t\t\t\t\t<\/a>\n\t\t\t\t\t\t\t\t\t<\/li>\n\t\t\t\t\t\t<\/ul>\n\t\t\t\t\t\t<\/div>\n\t\t\t\t<\/div>\n\t\t\t\t\t<\/div>\n\t\t<\/div>\n\t\t\t\t<div class=\"elementor-column elementor-col-33 elementor-top-column elementor-element elementor-element-82ff267\" data-id=\"82ff267\" data-element_type=\"column\" data-e-type=\"column\">\n\t\t\t<div class=\"elementor-widget-wrap elementor-element-populated\">\n\t\t\t\t\t\t<div class=\"elementor-element elementor-element-df8975d elementor-widget elementor-widget-heading\" data-id=\"df8975d\" data-element_type=\"widget\" data-e-type=\"widget\" id=\"Limitation\" data-widget_type=\"heading.default\">\n\t\t\t\t<div class=\"elementor-widget-container\">\n\t\t\t\t\t<h5 class=\"elementor-heading-title elementor-size-default\">Varnost in zasebnost<\/h5>\t\t\t\t<\/div>\n\t\t\t\t<\/div>\n\t\t\t\t<div class=\"elementor-element elementor-element-8e511e2 elementor-widget elementor-widget-text-editor\" data-id=\"8e511e2\" data-element_type=\"widget\" data-e-type=\"widget\" data-widget_type=\"text-editor.default\">\n\t\t\t\t<div class=\"elementor-widget-container\">\n\t\t\t\t\t\t\t\t\t<p>Spletna stran www.pzr.si je skladna s 157. \u010dlenom zakona ZEKom-1 in z zakonom o varstvu osebnih podatkov.<\/p><p>Ve\u010d o zakonodaji lahko preberete\u00a0<a href=\"http:\/\/pisrs.si\/Predpis.aspx?id=ZAKO3906&amp;pogled=osnovni\">tukaj<\/a>.<\/p><p>Namen zakonodaje je za\u0161\u010dita osebnih podatkov, saj pri brskanju po spletu lahko pride do kr\u0161itve va\u0161ih pravic do zasebnosti.<\/p><p>Podrobnej\u0161e informacije o zasebnosti na spletu najdete na spletnih straneh Informacijskega poobla\u0161\u010denca, kjer so pripravili odgovore na\u00a0<a href=\"https:\/\/www.ip-rs.si\/varstvo-osebnih-podatkov\/informacijske-tehnologije-in-osebni-podatki\/piskotki-odgovori-na-pogosta-vprasanja\/#c1250\">pogosta vpra\u0161anja<\/a>\u00a0povezana s sledenjem uporabnikov na spletu s pomo\u010djo pi\u0161kotkov.<\/p><p>Upravljavec spletne strani www.pzr.si in osebnih podatkov je podjetje Po\u017earna za\u0161\u010dita Radovljica d.o.o.<\/p>\t\t\t\t\t\t\t\t<\/div>\n\t\t\t\t<\/div>\n\t\t\t\t<div class=\"elementor-element elementor-element-83fc88c elementor-widget elementor-widget-heading\" data-id=\"83fc88c\" data-element_type=\"widget\" data-e-type=\"widget\" id=\"Licensing\" data-widget_type=\"heading.default\">\n\t\t\t\t<div class=\"elementor-widget-container\">\n\t\t\t\t\t<h5 class=\"elementor-heading-title elementor-size-default\">Pi\u0161kotki<\/h5>\t\t\t\t<\/div>\n\t\t\t\t<\/div>\n\t\t\t\t<div class=\"elementor-element elementor-element-a298357 elementor-widget elementor-widget-text-editor\" data-id=\"a298357\" data-element_type=\"widget\" data-e-type=\"widget\" data-widget_type=\"text-editor.default\">\n\t\t\t\t<div class=\"elementor-widget-container\">\n\t\t\t\t\t\t\t\t\t<p>Na na\u0161i spletni strani uporabljamo pi\u0161kotke. Pi\u0161kotki so majhne datoteke, ki jih brskalniki kot so Firefox, Chrome ali Internet Explorer, nalagajo na va\u0161 ra\u010dunalnik med brskanjem po spletu.<\/p><p>V skladu s priporo\u010dili informacijskega poobla\u0161\u010denca, smo na na\u0161o spletno stran namestili obvestilo o uporabi pi\u0161kotkov, hkrati pa smo vam omogo\u010dili tudi izbiro, katere pi\u0161kotke \u017eelite uporabljati in katere ne.<\/p>\t\t\t\t\t\t\t\t<\/div>\n\t\t\t\t<\/div>\n\t\t\t\t<div class=\"elementor-element elementor-element-29f5981 elementor-widget elementor-widget-heading\" data-id=\"29f5981\" data-element_type=\"widget\" data-e-type=\"widget\" id=\"Product\" data-widget_type=\"heading.default\">\n\t\t\t\t<div class=\"elementor-widget-container\">\n\t\t\t\t\t<h5 class=\"elementor-heading-title elementor-size-default\">Soglasje o uporabi<\/h5>\t\t\t\t<\/div>\n\t\t\t\t<\/div>\n\t\t\t\t<div class=\"elementor-element elementor-element-2f6ca3b elementor-widget elementor-widget-text-editor\" data-id=\"2f6ca3b\" data-element_type=\"widget\" data-e-type=\"widget\" data-widget_type=\"text-editor.default\">\n\t\t\t\t<div class=\"elementor-widget-container\">\n\t\t\t\t\t\t\t\t\t<p>Z\u00a0 uporabo spletne strani, potrjujete in sogla\u0161ate, da ste prebrali in se strinjate s pogoji in dolo\u010dili, ki so navedeni in podrobno opisani na tej strani. Pridr\u017eujemo si pravico do spremembe ali modifikacije trenutnih Pogojev brez predhodnega obvestila ali soglasja.<\/p>\t\t\t\t\t\t\t\t<\/div>\n\t\t\t\t<\/div>\n\t\t\t\t\t<\/div>\n\t\t<\/div>\n\t\t\t\t<div class=\"elementor-column elementor-col-33 elementor-top-column elementor-element elementor-element-695046c\" data-id=\"695046c\" data-element_type=\"column\" data-e-type=\"column\">\n\t\t\t<div class=\"elementor-widget-wrap\">\n\t\t\t\t\t\t\t<\/div>\n\t\t<\/div>\n\t\t\t\t\t<\/div>\n\t\t<\/section>\n\t\t\t\t<\/div>\n\t\t","protected":false},"excerpt":{"rendered":"<p>PRAVILNIK ZASEBNOSTI MENI Varnost in zasebnost Pi\u0161kotki Soglasje o uporabi Varnost in zasebnost Spletna stran www.pzr.si je skladna s 157. \u010dlenom zakona ZEKom-1 in z zakonom o varstvu osebnih podatkov. Ve\u010d o zakonodaji lahko preberete\u00a0tukaj. Namen zakonodaje je za\u0161\u010dita osebnih podatkov, saj pri brskanju po spletu lahko pride do kr\u0161itve va\u0161ih pravic do zasebnosti. Podrobnej\u0161e&#8230;<\/p>\n","protected":false},"author":1,"featured_media":0,"parent":0,"menu_order":0,"comment_status":"closed","ping_status":"closed","template":"","meta":{"_acf_changed":false,"inline_featured_image":false,"_monsterinsights_skip_tracking":false,"_monsterinsights_sitenote_active":false,"_monsterinsights_sitenote_note":"","_monsterinsights_sitenote_category":0,"footnotes":""},"class_list":["post-437","page","type-page","status-publish","hentry"],"acf":[],"aioseo_notices":[],"_links":{"self":[{"href":"https:\/\/pzr.si\/index.php?rest_route=\/wp\/v2\/pages\/437","targetHints":{"allow":["GET"]}}],"collection":[{"href":"https:\/\/pzr.si\/index.php?rest_route=\/wp\/v2\/pages"}],"about":[{"href":"https:\/\/pzr.si\/index.php?rest_route=\/wp\/v2\/types\/page"}],"author":[{"embeddable":true,"href":"https:\/\/pzr.si\/index.php?rest_route=\/wp\/v2\/users\/1"}],"replies":[{"embeddable":true,"href":"https:\/\/pzr.si\/index.php?rest_route=%2Fwp%2Fv2%2Fcomments&post=437"}],"version-history":[{"count":9,"href":"https:\/\/pzr.si\/index.php?rest_route=\/wp\/v2\/pages\/437\/revisions"}],"predecessor-version":[{"id":9896,"href":"https:\/\/pzr.si\/index.php?rest_route=\/wp\/v2\/pages\/437\/revisions\/9896"}],"wp:attachment":[{"href":"https:\/\/pzr.si\/index.php?rest_route=%2Fwp%2Fv2%2Fmedia&parent=437"}],"curies":[{"name":"wp","href":"https:\/\/api.w.org\/{rel}","templated":true}]}}