{"id":9889,"date":"2025-04-27T10:56:33","date_gmt":"2025-04-27T10:56:33","guid":{"rendered":"http:\/\/pzr.si\/?page_id=9889"},"modified":"2025-04-27T11:02:33","modified_gmt":"2025-04-27T11:02:33","slug":"pogoji-uporabe-spletne-strani","status":"publish","type":"page","link":"https:\/\/pzr.si\/?page_id=9889","title":{"rendered":"Pogoji uporabe spletne strani"},"content":{"rendered":"\t\t<div data-elementor-type=\"wp-page\" data-elementor-id=\"9889\" class=\"elementor elementor-9889\">\n\t\t\t\t\t\t<section class=\"elementor-section elementor-top-section elementor-element elementor-element-9091d83 elementor-section-boxed elementor-section-height-default elementor-section-height-default\" data-id=\"9091d83\" data-element_type=\"section\" data-e-type=\"section\">\n\t\t\t\t\t\t<div class=\"elementor-container elementor-column-gap-default\">\n\t\t\t\t\t<div class=\"elementor-column elementor-col-33 elementor-top-column elementor-element elementor-element-69dd067f\" data-id=\"69dd067f\" data-element_type=\"column\" data-e-type=\"column\">\n\t\t\t<div class=\"elementor-widget-wrap\">\n\t\t\t\t\t\t\t<\/div>\n\t\t<\/div>\n\t\t\t\t<div class=\"elementor-column elementor-col-33 elementor-top-column elementor-element elementor-element-7e600236\" data-id=\"7e600236\" data-element_type=\"column\" data-e-type=\"column\">\n\t\t\t<div class=\"elementor-widget-wrap elementor-element-populated\">\n\t\t\t\t\t\t<div class=\"elementor-element elementor-element-223e17f2 elementor-widget elementor-widget-text-editor\" data-id=\"223e17f2\" data-element_type=\"widget\" data-e-type=\"widget\" data-widget_type=\"text-editor.default\">\n\t\t\t\t<div class=\"elementor-widget-container\">\n\t\t\t\t\t\t\t\t\t<main id=\"main\" class=\"page-content\"><\/main><div id=\"page-435\" class=\"post-435 page type-page status-publish hentry\"><div class=\"elementor elementor-435\" data-elementor-type=\"wp-page\" data-elementor-id=\"435\"><section class=\"elementor-section elementor-top-section elementor-element elementor-element-e160156 elementor-section-boxed elementor-section-height-default elementor-section-height-default\" data-id=\"e160156\" data-element_type=\"section\"><div class=\"elementor-container elementor-column-gap-default\"><div class=\"elementor-column elementor-col-100 elementor-top-column elementor-element elementor-element-4e5aea1\" data-id=\"4e5aea1\" data-element_type=\"column\"><div class=\"elementor-widget-wrap elementor-element-populated\"><div class=\"elementor-element elementor-element-5154f45 elementor-widget__width-initial elementor-widget elementor-widget-text-editor\" data-id=\"5154f45\" data-element_type=\"widget\" data-widget_type=\"text-editor.default\"><div class=\"elementor-widget-container\"><ol><li>Podjetje Po\u017earna za\u0161\u010dita Radovljica d.o.o., , je lastnik spletne strani www.pzr.si, ki ga upravlja z namenom informiranja oziroma obve\u0161\u010danja uporabnikov.<\/li><li>Pogoji uporabe spletne strani se nana\u0161ajo na spletno stran www.pzr.si (v nadaljevanju \u00bbspletna stran\u00ab) in uporabo obrazcev prek te spletne strani.<\/li><li>Z dostopom na to spletno stran sprejemate te Pogoje uporabe spletne strani in se z njimi strinjate. Veljajo tisti Pogoji uporabe spletne strani, ki so veljavni v \u010dasu va\u0161ega obiska te spletne strani.\u00a0 \u010ce se Pogoji uporabe spletne strani spremenijo, bo sprememba objavljena na www.pzr.si. Pogoje uporabe spletne strani sme podjetje Po\u017earna za\u0161\u010dita Radovljica d.o.o.,\u00a0 spremeniti kadarkoli in brez vnaprej\u0161nje najave, ter nove Pogoje uporabe spletne strani a\u017eurno objaviti na www.pzr.si.<\/li><li>Namen te spletne strani ni posredovanje nasvetov ali vzpostavitev poslovnega razmerja ampak je namen zgolj informativne narave.<\/li><li>Vsa vsebina na spletni strani, vklju\u010dno s slikami, teksti, videi \u2026 je v lasti Po\u017earna za\u0161\u010dita Radovljica. Vse pravice, ki izvirajo iz intelektualne lastnine v zvezi z na\u0161o spletno stranjo, morate dosledno spo\u0161tovati. Kakr\u0161nokoli kopiranje, distribucijo, preoblikovanje ali uporabo vsebin v nasprotju s Pogoji spletne uporabe strani, bomo prijavili pristojnim organom, saj je strogo prepovedana razen \u010de za va\u0161e po\u010detje ne pridobite izrecnega soglasja.<\/li><li>Z dostopom do na\u0161e spletne strani sogla\u0161ate, da ne boste po\u010deli ni\u010desar, kar bi \u0161kodovalo na\u0161i javni podobi ali interesom ali spletno stran po\u0161kodovalo, preobremenilo in s tem povzro\u010dilo ote\u017een ali neomogo\u010den dostop drugim uporabnikom te spletne strani.<\/li><li>Vse informacije in gradiva na spletni strani www.pzr.si so informativne narave. Dru\u017eba tudi ne odgovarja za vsebino, na tretjih spletnih straneh, na katere dru\u017eba napotuje in na vse ostale strani na vsebino katere nima in ne more imeti vpliva. Uporabnikom, pravnim ali fizi\u010dnim osebam, kakor tudi katerimkoli tretjim osebam ne odgovarjamo za morebitno nastalo \u0161kodo, ki bi izhajala iz dostopa, uporabe ali nezmo\u017enosti uporabe informacij in gradiv na spletni strani ali za kakr\u0161nekoli napake ali pomanjkljivosti v njihovi vsebini.<\/li><li>Po\u017earna za\u0161\u010dita Radovljica tudi ne odgovarja za kakr\u0161nekoli po\u0161kodbe (vklju\u010dno tiste, ki jih povzro\u010dijo virusi) ra\u010dunalni\u0161ke opreme ali katerekoli druge aplikacije, s katero je mogo\u010de dostopati do strani, zaradi va\u0161ega obiska strani ali kakr\u0161nekoli njene uporabe.<\/li><li>Po\u017earna za\u0161\u010dita Radovljica si vsakodnevno prizadeva za pravilnost, a\u017eurnost in popolnost podatkov, vsebovanih na spletni strani www.pzr.si vendar ni odgovorna za morebitne tipkarske napake, pomote ali nea\u017eurnost podatkov, kakor tudi ne za \u0161kodo, ki bi lahko nastala uporabniku zaradi uporabe tak\u0161nih informacij.<\/li><li>Gradiva na spletni strani www.pzr.si so namenjena zasebni uporabi uporabnikov spletne strani. Uporabnik jih lahko uporabi za zasebne in netr\u017ene namene, pri \u010demer uporabnik ne sme spreminjati ozna\u010db avtorskih pravic, drugih obvestil o pravicah intelektualne lastnine ali obvestil o drugih pravicah. Dovoljeno je nalaganje in tiskanje informacij in gradiv z namenom ogledovanja in branja izklju\u010dno za nekomercialne in nepridobitne namene. Vsako drugo kopiranje, distribuiranje, ponovno objavljanje, spreminjanje informacij in gradiv ali njihovo po\u0161iljanje po po\u0161ti ter raz\u0161irjanje na kakr\u0161enkoli drug na\u010din brez predhodnega pisnega dovoljenja, je prepovedano.<\/li><li>Zbiranje in obdelovanje va\u0161ih zasebnih podatkov ureja na\u0161a Politika zasebnosti, ki jo najdete\u00a0<a href=\"http:\/\/pzr.si\/terms-conditions\/\">TUKAJ<\/a>.<\/li><li>Spletna stran www.pzr.si uporablja pi\u0161kotke. Pi\u0161kotki so male besedilne datoteke, v katere se zapi\u0161ejo podatki o obisku spletne strani. Ve\u010d o tem je navedeno v dokumentu <a href=\"http:\/\/pzr.si\/terms-conditions\/\">PI\u0160KOTK<\/a>I na spletni strani\u00a0<a href=\"http:\/\/www.pzr.si\">www.pzr.si<\/a><\/li><li>Pogoji uporabe spletne strani pri\u010dnejo veljati 1.5.2025 do preklica.<\/li><li>Za kakr\u0161nakoli vpra\u0161anja v zvezi z uporabo spletne strani, smo na voljo na info@pzr.si ali po po\u0161ti na naslov PPo\u017earna za\u0161\u010dita Radovljica, Kranjska cesta 7 4240 Radovljica.<\/li><\/ol><\/div><\/div><\/div><\/div><\/div><\/section><\/div><\/div><p>\u00a0<\/p><footer id=\"theme-footer\"><div class=\"footer-bot\"><div class=\"container\"><div class=\"footer-left\">\u00a0<\/div><\/div><\/div><\/footer>\t\t\t\t\t\t\t\t<\/div>\n\t\t\t\t<\/div>\n\t\t\t\t\t<\/div>\n\t\t<\/div>\n\t\t\t\t<div class=\"elementor-column elementor-col-33 elementor-top-column elementor-element elementor-element-6e04a97b\" data-id=\"6e04a97b\" data-element_type=\"column\" data-e-type=\"column\">\n\t\t\t<div class=\"elementor-widget-wrap\">\n\t\t\t\t\t\t\t<\/div>\n\t\t<\/div>\n\t\t\t\t\t<\/div>\n\t\t<\/section>\n\t\t\t\t<\/div>\n\t\t","protected":false},"excerpt":{"rendered":"<p>Podjetje Po\u017earna za\u0161\u010dita Radovljica d.o.o., , je lastnik spletne strani www.pzr.si, ki ga upravlja z namenom informiranja oziroma obve\u0161\u010danja uporabnikov. Pogoji uporabe spletne strani se nana\u0161ajo na spletno stran www.pzr.si (v nadaljevanju \u00bbspletna stran\u00ab) in uporabo obrazcev prek te spletne strani. Z dostopom na to spletno stran sprejemate te Pogoje uporabe spletne strani in se&#8230;<\/p>\n","protected":false},"author":1,"featured_media":0,"parent":0,"menu_order":0,"comment_status":"closed","ping_status":"closed","template":"","meta":{"_acf_changed":false,"inline_featured_image":false,"_monsterinsights_skip_tracking":false,"_monsterinsights_sitenote_active":false,"_monsterinsights_sitenote_note":"","_monsterinsights_sitenote_category":0,"footnotes":""},"class_list":["post-9889","page","type-page","status-publish","hentry"],"acf":[],"aioseo_notices":[],"_links":{"self":[{"href":"https:\/\/pzr.si\/index.php?rest_route=\/wp\/v2\/pages\/9889","targetHints":{"allow":["GET"]}}],"collection":[{"href":"https:\/\/pzr.si\/index.php?rest_route=\/wp\/v2\/pages"}],"about":[{"href":"https:\/\/pzr.si\/index.php?rest_route=\/wp\/v2\/types\/page"}],"author":[{"embeddable":true,"href":"https:\/\/pzr.si\/index.php?rest_route=\/wp\/v2\/users\/1"}],"replies":[{"embeddable":true,"href":"https:\/\/pzr.si\/index.php?rest_route=%2Fwp%2Fv2%2Fcomments&post=9889"}],"version-history":[{"count":4,"href":"https:\/\/pzr.si\/index.php?rest_route=\/wp\/v2\/pages\/9889\/revisions"}],"predecessor-version":[{"id":9893,"href":"https:\/\/pzr.si\/index.php?rest_route=\/wp\/v2\/pages\/9889\/revisions\/9893"}],"wp:attachment":[{"href":"https:\/\/pzr.si\/index.php?rest_route=%2Fwp%2Fv2%2Fmedia&parent=9889"}],"curies":[{"name":"wp","href":"https:\/\/api.w.org\/{rel}","templated":true}]}}